{"id":1379,"date":"2023-04-03T10:16:47","date_gmt":"2023-04-03T10:16:47","guid":{"rendered":"https:\/\/merakilombok.com?page_id=1379"},"modified":"2024-02-14T04:41:48","modified_gmt":"2024-02-14T04:41:48","slug":"gracias","status":"publish","type":"page","link":"https:\/\/merakilombok.com\/es\/gracias\/","title":{"rendered":"Gracias"},"content":{"rendered":"<div data-elementor-type=\"wp-page\" data-elementor-id=\"1379\" class=\"elementor elementor-1379\">\n\t\t\t\t\t\t<section class=\"elementor-section elementor-top-section elementor-element elementor-element-8ce144c elementor-section-boxed elementor-section-height-default elementor-section-height-default\" data-id=\"8ce144c\" data-element_type=\"section\" data-e-type=\"section\" data-settings=\"{&quot;background_background&quot;:&quot;classic&quot;}\">\n\t\t\t\t\t\t<div class=\"elementor-container elementor-column-gap-default\">\n\t\t\t\t\t<div class=\"elementor-column elementor-col-100 elementor-top-column elementor-element elementor-element-d797882\" data-id=\"d797882\" data-element_type=\"column\" data-e-type=\"column\">\n\t\t\t<div class=\"elementor-widget-wrap elementor-element-populated\">\n\t\t\t\t\t\t<div class=\"elementor-element elementor-element-5e40b00 elementor-invisible elementor-widget elementor-widget-image\" data-id=\"5e40b00\" data-element_type=\"widget\" data-e-type=\"widget\" data-settings=\"{&quot;_animation&quot;:&quot;fadeIn&quot;,&quot;_animation_delay&quot;:0,&quot;_animation_mobile&quot;:&quot;none&quot;}\" data-widget_type=\"image.default\">\n\t\t\t\t\t\t\t\t\t\t\t\t\t\t\t<img fetchpriority=\"high\" decoding=\"async\" width=\"534\" height=\"595\" src=\"https:\/\/merakilombok.com\/wp-content\/uploads\/2024\/01\/Meraki_imagotipo.svg\" class=\"attachment-large size-large wp-image-1578\" alt=\"Meraki \u00b7 Lombok Villas\" \/>\t\t\t\t\t\t\t\t\t\t\t\t\t\t\t<\/div>\n\t\t\t\t\t<\/div>\n\t\t<\/div>\n\t\t\t\t\t<\/div>\n\t\t<\/section>\n\t\t\t\t<section class=\"elementor-section elementor-top-section elementor-element elementor-element-296d2f0 light elementor-section-boxed elementor-section-height-default elementor-section-height-default\" data-id=\"296d2f0\" data-element_type=\"section\" data-e-type=\"section\" data-settings=\"{&quot;background_background&quot;:&quot;classic&quot;}\">\n\t\t\t\t\t\t<div class=\"elementor-container elementor-column-gap-wider\">\n\t\t\t\t\t<div class=\"elementor-column elementor-col-100 elementor-top-column elementor-element elementor-element-c672c23\" data-id=\"c672c23\" data-element_type=\"column\" data-e-type=\"column\">\n\t\t\t<div class=\"elementor-widget-wrap elementor-element-populated\">\n\t\t\t\t\t\t<div class=\"elementor-element elementor-element-a01224b animated-slow elementor-invisible elementor-widget elementor-widget-text-editor\" data-id=\"a01224b\" data-element_type=\"widget\" data-e-type=\"widget\" data-settings=\"{&quot;_animation&quot;:&quot;fadeInRight&quot;}\" data-widget_type=\"text-editor.default\">\n\t\t\t\t\t\t\t\t\tLe hemos enviado una invitaci\u00f3n de calendario a su correo electr\u00f3nico.\n\nPara que la reuni\u00f3n sea lo m\u00e1s eficiente posible, por favor:\n<ol>\n <li>Comprueba que has recibido la invitaci\u00f3n y confirma tu asistencia.<\/li>\n <li>Aseg\u00farese de que puede acceder a la reuni\u00f3n a trav\u00e9s del enlace incluido.<\/li>\n <li>Llegue a tiempo para que podamos aprovechar al m\u00e1ximo la sesi\u00f3n juntos.<\/li>\n<\/ol>\nEstamos encantados de tenerte aqu\u00ed y esperamos poder ayudarte.\n\n<strong>Meraki Lombok<\/strong>\t\t\t\t\t\t\t\t<\/div>\n\t\t\t\t<div class=\"elementor-element elementor-element-2a3dafe elementor-widget elementor-widget-spacer\" data-id=\"2a3dafe\" data-element_type=\"widget\" data-e-type=\"widget\" data-widget_type=\"spacer.default\">\n\t\t\t\t\t\t\t<div class=\"elementor-spacer\">\n\t\t\t<div class=\"elementor-spacer-inner\"><\/div>\n\t\t<\/div>\n\t\t\t\t\t\t<\/div>\n\t\t\t\t\t<\/div>\n\t\t<\/div>\n\t\t\t\t\t<\/div>\n\t\t<\/section>\n\t\t\t\t<section class=\"elementor-section elementor-top-section elementor-element elementor-element-d4dd2fc elementor-section-boxed elementor-section-height-default elementor-section-height-default\" data-id=\"d4dd2fc\" data-element_type=\"section\" data-e-type=\"section\">\n\t\t\t\t\t\t<div class=\"elementor-container elementor-column-gap-default\">\n\t\t\t\t\t<div class=\"elementor-column elementor-col-100 elementor-top-column elementor-element elementor-element-2e712ff\" data-id=\"2e712ff\" data-element_type=\"column\" data-e-type=\"column\">\n\t\t\t<div class=\"elementor-widget-wrap\">\n\t\t\t\t\t\t\t<\/div>\n\t\t<\/div>\n\t\t\t\t\t<\/div>\n\t\t<\/section>\n\t\t\t\t<\/div>","protected":false},"excerpt":{"rendered":"<p>CONGRATULATIONS, Booking done! We have sent you a calendar invitation to your email. To make the meeting as efficient as possible, please: Check that you have received the invitation and confirm your attendance. Make sure you can access the meeting through the included link. Arrive on time so we can make the most of the [&hellip;]<\/p>\n","protected":false},"author":2,"featured_media":0,"parent":0,"menu_order":0,"comment_status":"closed","ping_status":"closed","template":"elementor_header_footer","meta":{"_eb_attr":"","footnotes":""},"class_list":["post-1379","page","type-page","status-publish","hentry"],"yoast_head":"<!-- This site is optimized with the Yoast SEO plugin v27.1.1 - https:\/\/yoast.com\/product\/yoast-seo-wordpress\/ -->\n<title>Gracias - Meraki Villas<\/title>\n<meta name=\"robots\" content=\"index, follow, max-snippet:-1, max-image-preview:large, max-video-preview:-1\" \/>\n<link rel=\"canonical\" href=\"https:\/\/merakilombok.com\/es\/gracias\/\" \/>\n<meta property=\"og:locale\" content=\"es_ES\" \/>\n<meta property=\"og:type\" content=\"article\" \/>\n<meta property=\"og:title\" content=\"Gracias - Meraki Villas\" \/>\n<meta property=\"og:description\" content=\"CONGRATULATIONS, Booking done! We have sent you a calendar invitation to your email. To make the meeting as efficient as possible, please: Check that you have received the invitation and confirm your attendance. Make sure you can access the meeting through the included link. Arrive on time so we can make the most of the [&hellip;]\" \/>\n<meta property=\"og:url\" content=\"https:\/\/merakilombok.com\/es\/gracias\/\" \/>\n<meta property=\"og:site_name\" content=\"Meraki Villas\" \/>\n<meta property=\"article:publisher\" content=\"https:\/\/www.facebook.com\/MerakiVillas\" \/>\n<meta property=\"article:modified_time\" content=\"2024-02-14T04:41:48+00:00\" \/>\n<meta property=\"og:image\" content=\"https:\/\/merakilombok.comwp-content\/uploads\/2024\/01\/Meraki_imagotipo.svg\" \/>\n<meta name=\"twitter:card\" content=\"summary_large_image\" \/>\n<script type=\"application\/ld+json\" class=\"yoast-schema-graph\">{\"@context\":\"https:\/\/schema.org\",\"@graph\":[{\"@type\":\"WebPage\",\"@id\":\"https:\/\/merakilombok.com\/gracias\/\",\"url\":\"https:\/\/merakilombok.com\/gracias\/\",\"name\":\"Gracias - Meraki Villas\",\"isPartOf\":{\"@id\":\"https:\/\/merakilombok.com\/#website\"},\"primaryImageOfPage\":{\"@id\":\"https:\/\/merakilombok.com\/gracias\/#primaryimage\"},\"image\":{\"@id\":\"https:\/\/merakilombok.com\/gracias\/#primaryimage\"},\"thumbnailUrl\":\"https:\/\/merakilombok.comwp-content\/uploads\/2024\/01\/Meraki_imagotipo.svg\",\"datePublished\":\"2023-04-03T10:16:47+00:00\",\"dateModified\":\"2024-02-14T04:41:48+00:00\",\"breadcrumb\":{\"@id\":\"https:\/\/merakilombok.com\/gracias\/#breadcrumb\"},\"inLanguage\":\"es\",\"potentialAction\":[{\"@type\":\"ReadAction\",\"target\":[\"https:\/\/merakilombok.com\/gracias\/\"]}]},{\"@type\":\"ImageObject\",\"inLanguage\":\"es\",\"@id\":\"https:\/\/merakilombok.com\/gracias\/#primaryimage\",\"url\":\"https:\/\/merakilombok.comwp-content\/uploads\/2024\/01\/Meraki_imagotipo.svg\",\"contentUrl\":\"https:\/\/merakilombok.comwp-content\/uploads\/2024\/01\/Meraki_imagotipo.svg\"},{\"@type\":\"BreadcrumbList\",\"@id\":\"https:\/\/merakilombok.com\/gracias\/#breadcrumb\",\"itemListElement\":[{\"@type\":\"ListItem\",\"position\":1,\"name\":\"Home\",\"item\":\"https:\/\/merakilombok.com\/\"},{\"@type\":\"ListItem\",\"position\":2,\"name\":\"Gracias\"}]},{\"@type\":\"WebSite\",\"@id\":\"https:\/\/merakilombok.com\/#website\",\"url\":\"https:\/\/merakilombok.com\/\",\"name\":\"Meraki Villas\",\"description\":\"Your Oasis of Tropical Renewal\",\"publisher\":{\"@id\":\"https:\/\/merakilombok.com\/#organization\"},\"potentialAction\":[{\"@type\":\"SearchAction\",\"target\":{\"@type\":\"EntryPoint\",\"urlTemplate\":\"https:\/\/merakilombok.com\/?s={search_term_string}\"},\"query-input\":{\"@type\":\"PropertyValueSpecification\",\"valueRequired\":true,\"valueName\":\"search_term_string\"}}],\"inLanguage\":\"es\"},{\"@type\":\"Organization\",\"@id\":\"https:\/\/merakilombok.com\/#organization\",\"name\":\"Meraki Villas Lombok\",\"url\":\"https:\/\/merakilombok.com\/\",\"logo\":{\"@type\":\"ImageObject\",\"inLanguage\":\"es\",\"@id\":\"https:\/\/merakilombok.com\/#\/schema\/logo\/image\/\",\"url\":\"https:\/\/merakilombok.comwp-content\/uploads\/2021\/01\/logo-2.png\",\"contentUrl\":\"https:\/\/merakilombok.comwp-content\/uploads\/2021\/01\/logo-2.png\",\"width\":350,\"height\":136,\"caption\":\"Meraki Villas Lombok\"},\"image\":{\"@id\":\"https:\/\/merakilombok.com\/#\/schema\/logo\/image\/\"},\"sameAs\":[\"https:\/\/www.facebook.com\/MerakiVillas\",\"https:\/\/www.instagram.com\/merakilombok\/\"]}]}<\/script>\n<!-- \/ Yoast SEO plugin. -->","yoast_head_json":{"title":"Gracias - Meraki Villas","robots":{"index":"index","follow":"follow","max-snippet":"max-snippet:-1","max-image-preview":"max-image-preview:large","max-video-preview":"max-video-preview:-1"},"canonical":"https:\/\/merakilombok.com\/es\/gracias\/","og_locale":"es_ES","og_type":"article","og_title":"Gracias - Meraki Villas","og_description":"CONGRATULATIONS, Booking done! We have sent you a calendar invitation to your email. To make the meeting as efficient as possible, please: Check that you have received the invitation and confirm your attendance. Make sure you can access the meeting through the included link. Arrive on time so we can make the most of the [&hellip;]","og_url":"https:\/\/merakilombok.com\/es\/gracias\/","og_site_name":"Meraki Villas","article_publisher":"https:\/\/www.facebook.com\/MerakiVillas","article_modified_time":"2024-02-14T04:41:48+00:00","og_image":[{"url":"https:\/\/merakilombok.comwp-content\/uploads\/2024\/01\/Meraki_imagotipo.svg","type":"","width":"","height":""}],"twitter_card":"summary_large_image","schema":{"@context":"https:\/\/schema.org","@graph":[{"@type":"WebPage","@id":"https:\/\/merakilombok.com\/gracias\/","url":"https:\/\/merakilombok.com\/gracias\/","name":"Gracias - Meraki Villas","isPartOf":{"@id":"https:\/\/merakilombok.com\/#website"},"primaryImageOfPage":{"@id":"https:\/\/merakilombok.com\/gracias\/#primaryimage"},"image":{"@id":"https:\/\/merakilombok.com\/gracias\/#primaryimage"},"thumbnailUrl":"https:\/\/merakilombok.comwp-content\/uploads\/2024\/01\/Meraki_imagotipo.svg","datePublished":"2023-04-03T10:16:47+00:00","dateModified":"2024-02-14T04:41:48+00:00","breadcrumb":{"@id":"https:\/\/merakilombok.com\/gracias\/#breadcrumb"},"inLanguage":"es","potentialAction":[{"@type":"ReadAction","target":["https:\/\/merakilombok.com\/gracias\/"]}]},{"@type":"ImageObject","inLanguage":"es","@id":"https:\/\/merakilombok.com\/gracias\/#primaryimage","url":"https:\/\/merakilombok.comwp-content\/uploads\/2024\/01\/Meraki_imagotipo.svg","contentUrl":"https:\/\/merakilombok.comwp-content\/uploads\/2024\/01\/Meraki_imagotipo.svg"},{"@type":"BreadcrumbList","@id":"https:\/\/merakilombok.com\/gracias\/#breadcrumb","itemListElement":[{"@type":"ListItem","position":1,"name":"Home","item":"https:\/\/merakilombok.com\/"},{"@type":"ListItem","position":2,"name":"Gracias"}]},{"@type":"WebSite","@id":"https:\/\/merakilombok.com\/#website","url":"https:\/\/merakilombok.com\/","name":"Meraki Villas","description":"Your Oasis of Tropical Renewal","publisher":{"@id":"https:\/\/merakilombok.com\/#organization"},"potentialAction":[{"@type":"SearchAction","target":{"@type":"EntryPoint","urlTemplate":"https:\/\/merakilombok.com\/?s={search_term_string}"},"query-input":{"@type":"PropertyValueSpecification","valueRequired":true,"valueName":"search_term_string"}}],"inLanguage":"es"},{"@type":"Organization","@id":"https:\/\/merakilombok.com\/#organization","name":"Meraki Villas Lombok","url":"https:\/\/merakilombok.com\/","logo":{"@type":"ImageObject","inLanguage":"es","@id":"https:\/\/merakilombok.com\/#\/schema\/logo\/image\/","url":"https:\/\/merakilombok.comwp-content\/uploads\/2021\/01\/logo-2.png","contentUrl":"https:\/\/merakilombok.comwp-content\/uploads\/2021\/01\/logo-2.png","width":350,"height":136,"caption":"Meraki Villas Lombok"},"image":{"@id":"https:\/\/merakilombok.com\/#\/schema\/logo\/image\/"},"sameAs":["https:\/\/www.facebook.com\/MerakiVillas","https:\/\/www.instagram.com\/merakilombok\/"]}]}},"_links":{"self":[{"href":"https:\/\/merakilombok.com\/es\/wp-json\/wp\/v2\/pages\/1379","targetHints":{"allow":["GET"]}}],"collection":[{"href":"https:\/\/merakilombok.com\/es\/wp-json\/wp\/v2\/pages"}],"about":[{"href":"https:\/\/merakilombok.com\/es\/wp-json\/wp\/v2\/types\/page"}],"author":[{"embeddable":true,"href":"https:\/\/merakilombok.com\/es\/wp-json\/wp\/v2\/users\/2"}],"replies":[{"embeddable":true,"href":"https:\/\/merakilombok.com\/es\/wp-json\/wp\/v2\/comments?post=1379"}],"version-history":[{"count":25,"href":"https:\/\/merakilombok.com\/es\/wp-json\/wp\/v2\/pages\/1379\/revisions"}],"predecessor-version":[{"id":2170,"href":"https:\/\/merakilombok.com\/es\/wp-json\/wp\/v2\/pages\/1379\/revisions\/2170"}],"wp:attachment":[{"href":"https:\/\/merakilombok.com\/es\/wp-json\/wp\/v2\/media?parent=1379"}],"curies":[{"name":"wp","href":"https:\/\/api.w.org\/{rel}","templated":true}]}}